{"id":8789,"date":"2025-11-15T12:22:16","date_gmt":"2025-11-15T09:22:16","guid":{"rendered":"https:\/\/saglikyonetimi.avrasya.edu.tr\/?page_id=8789"},"modified":"2025-11-15T12:22:16","modified_gmt":"2025-11-15T09:22:16","slug":"program-ogrenim-ciktilari","status":"publish","type":"page","link":"https:\/\/saglikyonetimi.avrasya.edu.tr\/?page_id=8789","title":{"rendered":"Program \u00d6\u011frenim \u00c7\u0131kt\u0131lar\u0131"},"content":{"rendered":"","protected":false},"excerpt":{"rendered":"","protected":false},"author":1,"featured_media":0,"parent":0,"menu_order":0,"comment_status":"closed","ping_status":"closed","template":"","meta":{"footnotes":""},"class_list":["post-8789","page","type-page","status-publish","hentry"],"_links":{"self":[{"href":"https:\/\/saglikyonetimi.avrasya.edu.tr\/index.php?rest_route=\/wp\/v2\/pages\/8789","targetHints":{"allow":["GET"]}}],"collection":[{"href":"https:\/\/saglikyonetimi.avrasya.edu.tr\/index.php?rest_route=\/wp\/v2\/pages"}],"about":[{"href":"https:\/\/saglikyonetimi.avrasya.edu.tr\/index.php?rest_route=\/wp\/v2\/types\/page"}],"author":[{"embeddable":true,"href":"https:\/\/saglikyonetimi.avrasya.edu.tr\/index.php?rest_route=\/wp\/v2\/users\/1"}],"replies":[{"embeddable":true,"href":"https:\/\/saglikyonetimi.avrasya.edu.tr\/index.php?rest_route=%2Fwp%2Fv2%2Fcomments&post=8789"}],"version-history":[{"count":2,"href":"https:\/\/saglikyonetimi.avrasya.edu.tr\/index.php?rest_route=\/wp\/v2\/pages\/8789\/revisions"}],"predecessor-version":[{"id":8797,"href":"https:\/\/saglikyonetimi.avrasya.edu.tr\/index.php?rest_route=\/wp\/v2\/pages\/8789\/revisions\/8797"}],"wp:attachment":[{"href":"https:\/\/saglikyonetimi.avrasya.edu.tr\/index.php?rest_route=%2Fwp%2Fv2%2Fmedia&parent=8789"}],"curies":[{"name":"wp","href":"https:\/\/api.w.org\/{rel}","templated":true}]}}